{"id":27,"date":"2025-03-21T14:38:32","date_gmt":"2025-03-21T12:38:32","guid":{"rendered":"https:\/\/veeraheinonen.fi\/?page_id=27"},"modified":"2025-03-21T15:16:48","modified_gmt":"2025-03-21T13:16:48","slug":"yhteystiedot","status":"publish","type":"page","link":"https:\/\/veeraheinonen.fi\/?page_id=27","title":{"rendered":"Yhteystiedot"},"content":{"rendered":"\n<div class=\"wp-block-group alignfull has-global-padding is-layout-constrained wp-container-core-group-is-layout-7e874eaa wp-block-group-is-layout-constrained\" style=\"padding-top:var(--wp--preset--spacing--superbspacing-large);padding-right:var(--wp--preset--spacing--superbspacing-small);padding-bottom:var(--wp--preset--spacing--superbspacing-large);padding-left:var(--wp--preset--spacing--superbspacing-small)\">\n<div class=\"wp-block-columns alignwide is-layout-flex wp-container-core-columns-is-layout-25593187 wp-block-columns-is-layout-flex\">\n<div class=\"wp-block-column is-vertically-aligned-center is-layout-flow wp-container-core-column-is-layout-40a2a7e8 wp-block-column-is-layout-flow\" style=\"padding-right:0;padding-bottom:0;padding-left:0\">\n<figure class=\"wp-block-image size-large\"><img loading=\"lazy\" decoding=\"async\" width=\"576\" height=\"1024\" src=\"https:\/\/veeraheinonen.fi\/wp-content\/uploads\/2025\/03\/632F906A-10DA-4847-BDE4-075BDC1AE7A6-576x1024.jpg\" alt=\"\" class=\"wp-image-28\" srcset=\"https:\/\/veeraheinonen.fi\/wp-content\/uploads\/2025\/03\/632F906A-10DA-4847-BDE4-075BDC1AE7A6-576x1024.jpg 576w, https:\/\/veeraheinonen.fi\/wp-content\/uploads\/2025\/03\/632F906A-10DA-4847-BDE4-075BDC1AE7A6-169x300.jpg 169w, https:\/\/veeraheinonen.fi\/wp-content\/uploads\/2025\/03\/632F906A-10DA-4847-BDE4-075BDC1AE7A6-768x1365.jpg 768w, https:\/\/veeraheinonen.fi\/wp-content\/uploads\/2025\/03\/632F906A-10DA-4847-BDE4-075BDC1AE7A6-864x1536.jpg 864w, https:\/\/veeraheinonen.fi\/wp-content\/uploads\/2025\/03\/632F906A-10DA-4847-BDE4-075BDC1AE7A6-1152x2048.jpg 1152w, https:\/\/veeraheinonen.fi\/wp-content\/uploads\/2025\/03\/632F906A-10DA-4847-BDE4-075BDC1AE7A6-scaled.jpg 1440w\" sizes=\"auto, (max-width: 576px) 100vw, 576px\" \/><\/figure>\n<\/div>\n\n\n\n<div class=\"wp-block-column is-vertically-aligned-center is-layout-flow wp-container-core-column-is-layout-30be4402 wp-block-column-is-layout-flow\">\n<div class=\"wp-block-group has-global-padding is-layout-constrained wp-container-core-group-is-layout-85cc789f wp-block-group-is-layout-constrained\">\n<h2 class=\"wp-block-heading has-text-align-left has-contrast-color has-text-color has-superbfont-xlarge-font-size\">Ota yhteytt\u00e4<\/h2>\n\n\n\n<p>Olen tehnyt tietoisen valinnan, etten l\u00f6ydy muusta somesta kuin LinkedInist\u00e4 t\u00e4ll\u00e4 hetkell\u00e4. Ota kuitenkin yhteytt\u00e4 matalalla kynnyksell\u00e4 siell\u00e4 tai s\u00e4hk\u00f6postilla. <\/p>\n<\/div>\n\n\n\n<div class=\"wp-block-group has-global-padding is-layout-constrained wp-container-core-group-is-layout-85cc789f wp-block-group-is-layout-constrained\">\n<div class=\"wp-block-columns is-layout-flex wp-container-core-columns-is-layout-596307b8 wp-block-columns-is-layout-flex\">\n<div class=\"wp-block-column is-layout-flow wp-container-core-column-is-layout-b4584b45 wp-block-column-is-layout-flow\">\n<figure class=\"wp-block-image size-large is-resized\"><img decoding=\"async\" src=\"https:\/\/superbdemo.com\/superb-addons-images\/wp-content\/uploads\/2023\/08\/icon-email.png\" alt=\"\" style=\"width:32px;height:32px\"\/><\/figure>\n\n\n\n<div class=\"wp-block-group has-base-background-color has-background is-vertical is-layout-flex wp-container-core-group-is-layout-da6736d2 wp-block-group-is-layout-flex\" style=\"border-style:none;border-width:0px;border-radius:0px;padding-top:0;padding-right:0;padding-bottom:0;padding-left:0\">\n<div class=\"wp-block-group is-nowrap is-layout-flex wp-container-core-group-is-layout-6c531013 wp-block-group-is-layout-flex\">\n<p>S\u00e4hk\u00f6postiosoite<\/p>\n<\/div>\n\n\n\n<p class=\"has-secondary-color has-text-color has-superbfont-xxsmall-font-size\">veera(a)veeraheinonen.fi<\/p>\n<\/div>\n<\/div>\n<\/div>\n<\/div>\n<\/div>\n<\/div>\n<\/div>\n","protected":false},"excerpt":{"rendered":"<p>Ota yhteytt\u00e4 Olen tehnyt tietoisen valinnan, etten l\u00f6ydy muusta somesta kuin LinkedInist\u00e4 t\u00e4ll\u00e4 hetkell\u00e4. Ota kuitenkin yhteytt\u00e4 matalalla kynnyksell\u00e4 siell\u00e4 tai s\u00e4hk\u00f6postilla. S\u00e4hk\u00f6postiosoite veera(a)veeraheinonen.fi<\/p>\n","protected":false},"author":1,"featured_media":0,"parent":0,"menu_order":0,"comment_status":"closed","ping_status":"closed","template":"","meta":{"footnotes":""},"class_list":["post-27","page","type-page","status-publish","hentry"],"_links":{"self":[{"href":"https:\/\/veeraheinonen.fi\/index.php?rest_route=\/wp\/v2\/pages\/27","targetHints":{"allow":["GET"]}}],"collection":[{"href":"https:\/\/veeraheinonen.fi\/index.php?rest_route=\/wp\/v2\/pages"}],"about":[{"href":"https:\/\/veeraheinonen.fi\/index.php?rest_route=\/wp\/v2\/types\/page"}],"author":[{"embeddable":true,"href":"https:\/\/veeraheinonen.fi\/index.php?rest_route=\/wp\/v2\/users\/1"}],"replies":[{"embeddable":true,"href":"https:\/\/veeraheinonen.fi\/index.php?rest_route=%2Fwp%2Fv2%2Fcomments&post=27"}],"version-history":[{"count":2,"href":"https:\/\/veeraheinonen.fi\/index.php?rest_route=\/wp\/v2\/pages\/27\/revisions"}],"predecessor-version":[{"id":37,"href":"https:\/\/veeraheinonen.fi\/index.php?rest_route=\/wp\/v2\/pages\/27\/revisions\/37"}],"wp:attachment":[{"href":"https:\/\/veeraheinonen.fi\/index.php?rest_route=%2Fwp%2Fv2%2Fmedia&parent=27"}],"curies":[{"name":"wp","href":"https:\/\/api.w.org\/{rel}","templated":true}]}}